{"id":1254,"date":"2022-10-31T10:54:24","date_gmt":"2022-10-31T10:54:24","guid":{"rendered":"https:\/\/hotel.pruebasinformedia.es\/?page_id=1254"},"modified":"2022-10-31T11:47:41","modified_gmt":"2022-10-31T11:47:41","slug":"hotel-madrid","status":"publish","type":"page","link":"https:\/\/apartamentosentorrevieja.es\/en\/hotel-madrid\/","title":{"rendered":"Hotel Madrid"},"content":{"rendered":"<div class=\"vc_row wpb_row vc_row-fluid\"><div class=\"wpb_column vc_column_container vc_col-sm-12\"><div class=\"vc_column-inner\"><div class=\"wpb_wrapper\">\n\t<div class=\"wpb_text_column wpb_content_element\" >\n\t\t<div class=\"wpb_wrapper\">\n\t\t\t<section>\n<p style=\"text-align: justify;\">En el Hotel Madrid contar\u00e1s con una calidad superior y con un trato personalizado y amable. Nuestro hotel destaca por su <strong>privilegiada ubicaci\u00f3n<\/strong> en el centro de la ciudad de Torrevieja (Alicante). Disfruta de las opciones de negocio, de las de ocio y no te olvides de las playas.<\/p>\n<p style=\"text-align: justify;\">Los N\u00e1ufragos Beach, the Marina, the Real Club N\u00e1utico and the Town Hall are just a five-minute walk away.<\/p>\n<\/section>\n\n\t\t<\/div>\n\t<\/div>\n<\/div><\/div><\/div><\/div><div class=\"vc_row wpb_row vc_row-fluid\"><div class=\"wpb_column vc_column_container vc_col-sm-12\"><div class=\"vc_column-inner\"><div class=\"wpb_wrapper\"><h2 style=\"text-align: center;font-family:Abril Fatface;font-weight:400;font-style:normal\" class=\"vc_custom_heading\" >Servicios<\/h2><div class=\"vc_empty_space\"   style=\"height: 25px\"><span class=\"vc_empty_space_inner\"><\/span><\/div>\n\t<div class=\"wpb_text_column wpb_content_element\" >\n\t\t<div class=\"wpb_wrapper\">\n\t\t\t<section>\n<p style=\"text-align: justify;\">En nuestro Hotel Madrid podr\u00e1s encontrar distintos servicios. Ofrecemos una gran variedad de facilidades para cada uno de nuestros clientes.<\/p>\n<p style=\"text-align: justify;\">Contamos con un Bar Lounge y con una cafeter\u00eda, que configuran los principales puntos de encuentro del hotel. La recepci\u00f3n est\u00e1 disponible las 24 horas del d\u00eda y ofrece atenci\u00f3n multiling\u00fce a nuestros hu\u00e9spedes.Nuestro servicio de habitaciones est\u00e1 disponible durante todo el d\u00eda. No te olvides de que cuentas con un parking frente al hotel en el que por 8\u20ac al d\u00eda podr\u00e1s estacionar tu veh\u00edculo. Para nuestros clientes que viajan por negocios, contamos con salas de reuni\u00f3n para grupos peque\u00f1os, conexi\u00f3n a Internet y aire acondicionado en las zonas comunes.<\/p>\n<\/section>\n\n\t\t<\/div>\n\t<\/div>\n<\/div><\/div><\/div><\/div><div class=\"vc_row wpb_row vc_row-fluid\"><div class=\"wpb_column vc_column_container vc_col-sm-12\"><div class=\"vc_column-inner\"><div class=\"wpb_wrapper\"><div class=\"vc_row wpb_row vc_inner vc_row-fluid\"><div class=\"wpb_column vc_column_container vc_col-sm-1\/5\"><div class=\"vc_column-inner\"><div class=\"wpb_wrapper\"><div class=\"banner-container\" id=\"arp_banner-3951794811\"> \r\n\t<div class=\"banner-content banner-style-4  \t\ttext-center\" \r\n\t\t data-animation-delay=\"500\" data-animation=\"\" >\r\n\t\t\t\t\t\r\n\t\t\t<div class=\"service-content\" >\t\r\n\t\t\t\t\t\t\t\t\t<div class=\"banner_icon abs_icon\"  style=\"\">\r\n\t\t\t\t\t\t<i class=\"Defaults-wheelchair\"><\/i>\t\t\t\t\t\r\n\t\t\t\t\t<\/div>\r\n\t\t\t\t\t\r\n\t\t\t\t\t\t\t\t\t<h3 >Accesos adaptados<\/h3>\r\n\t\t\t\t\t\t\t\t\t\t\t\t\t\r\n\t\t\t<\/div>\t\t\t\r\n\t<\/div>\r\n<\/div>\n<\/div><\/div><\/div><div class=\"wpb_column vc_column_container vc_col-sm-1\/5\"><div class=\"vc_column-inner\"><div class=\"wpb_wrapper\"><div class=\"banner-container\" id=\"arp_banner-4091325317\"> \r\n\t<div class=\"banner-content banner-style-4  \t\ttext-center\" \r\n\t\t data-animation-delay=\"500\" data-animation=\"\" >\r\n\t\t\t\t\t\r\n\t\t\t<div class=\"service-content\" >\t\r\n\t\t\t\t\t\t\t\t\t<div class=\"banner_icon abs_icon\"  style=\"\">\r\n\t\t\t\t\t\t<i class=\"Defaults-coffee\"><\/i>\t\t\t\t\t\r\n\t\t\t\t\t<\/div>\r\n\t\t\t\t\t\r\n\t\t\t\t\t\t\t\t\t<h3 >Bar-Cafeter\u00eda<\/h3>\r\n\t\t\t\t\t\t\t\t\t\t\t\t\t\r\n\t\t\t<\/div>\t\t\t\r\n\t<\/div>\r\n<\/div>\n<\/div><\/div><\/div><div class=\"wpb_column vc_column_container vc_col-sm-1\/5\"><div class=\"vc_column-inner\"><div class=\"wpb_wrapper\"><div class=\"banner-container\" id=\"arp_banner-1306509178\"> \r\n\t<div class=\"banner-content banner-style-4  \t\ttext-center\" \r\n\t\t data-animation-delay=\"500\" data-animation=\"\" >\r\n\t\t\t\t\t\r\n\t\t\t<div class=\"service-content\" >\t\r\n\t\t\t\t\t\t\t\t\t<div class=\"banner_icon abs_icon\"  style=\"\">\r\n\t\t\t\t\t\t<i class=\"Defaults-suitcase\"><\/i>\t\t\t\t\t\r\n\t\t\t\t\t<\/div>\r\n\t\t\t\t\t\r\n\t\t\t\t\t\t\t\t\t<h3 >Consigna de equipajes<\/h3>\r\n\t\t\t\t\t\t\t\t\t\t\t\t\t\r\n\t\t\t<\/div>\t\t\t\r\n\t<\/div>\r\n<\/div>\n<\/div><\/div><\/div><div class=\"wpb_column vc_column_container vc_col-sm-1\/5\"><div class=\"vc_column-inner\"><div class=\"wpb_wrapper\"><div class=\"banner-container\" id=\"arp_banner-2136394652\"> \r\n\t<div class=\"banner-content banner-style-4  \t\ttext-center\" \r\n\t\t data-animation-delay=\"500\" data-animation=\"\" >\r\n\t\t\t\t\t\r\n\t\t\t<div class=\"service-content\" >\t\r\n\t\t\t\t\t\t\t\t\t<div class=\"banner_icon abs_icon\"  style=\"\">\r\n\t\t\t\t\t\t<i class=\"Defaults-bell\"><\/i>\t\t\t\t\t\r\n\t\t\t\t\t<\/div>\r\n\t\t\t\t\t\r\n\t\t\t\t\t\t\t\t\t<h3 >Recepci\u00f3n 24h<\/h3>\r\n\t\t\t\t\t\t\t\t\t\t\t\t\t\r\n\t\t\t<\/div>\t\t\t\r\n\t<\/div>\r\n<\/div>\n<\/div><\/div><\/div><div class=\"wpb_column vc_column_container vc_col-sm-1\/5\"><div class=\"vc_column-inner\"><div class=\"wpb_wrapper\"><div class=\"banner-container\" id=\"arp_banner-1865093664\"> \r\n\t<div class=\"banner-content banner-style-4  \t\ttext-center\" \r\n\t\t data-animation-delay=\"500\" data-animation=\"\" >\r\n\t\t\t\t\t\r\n\t\t\t<div class=\"service-content\" >\t\r\n\t\t\t\t\t\t\t\t\t<div class=\"banner_icon abs_icon\"  style=\"\">\r\n\t\t\t\t\t\t<i class=\"Defaults-heart\"><\/i>\t\t\t\t\t\r\n\t\t\t\t\t<\/div>\r\n\t\t\t\t\t\r\n\t\t\t\t\t\t\t\t\t<h3 >Leche sin lactosa<\/h3>\r\n\t\t\t\t\t\t\t\t\t\t\t\t\t\r\n\t\t\t<\/div>\t\t\t\r\n\t<\/div>\r\n<\/div>\n<\/div><\/div><\/div><\/div><div class=\"vc_row wpb_row vc_inner vc_row-fluid\"><div class=\"wpb_column vc_column_container vc_col-sm-1\/5\"><div class=\"vc_column-inner\"><div class=\"wpb_wrapper\"><div class=\"banner-container\" id=\"arp_banner-1458645230\"> \r\n\t<div class=\"banner-content banner-style-4  \t\ttext-center\" \r\n\t\t data-animation-delay=\"500\" data-animation=\"\" >\r\n\t\t\t\t\t\r\n\t\t\t<div class=\"service-content\" >\t\r\n\t\t\t\t\t\t\t\t\t<div class=\"banner_icon abs_icon\"  style=\"\">\r\n\t\t\t\t\t\t<i class=\"Defaults-sun-o\"><\/i>\t\t\t\t\t\r\n\t\t\t\t\t<\/div>\r\n\t\t\t\t\t\r\n\t\t\t\t\t\t\t\t\t<h3 >Terrace<\/h3>\r\n\t\t\t\t\t\t\t\t\t\t\t\t\t\r\n\t\t\t<\/div>\t\t\t\r\n\t<\/div>\r\n<\/div>\n<\/div><\/div><\/div><div class=\"wpb_column vc_column_container vc_col-sm-1\/5\"><div class=\"vc_column-inner\"><div class=\"wpb_wrapper\"><div class=\"banner-container\" id=\"arp_banner-361257718\"> \r\n\t<div class=\"banner-content banner-style-4  \t\ttext-center\" \r\n\t\t data-animation-delay=\"500\" data-animation=\"\" >\r\n\t\t\t\t\t\r\n\t\t\t<div class=\"service-content\" >\t\r\n\t\t\t\t\t\t\t\t\t<div class=\"banner_icon abs_icon\"  style=\"\">\r\n\t\t\t\t\t\t<i class=\"Defaults-home\"><\/i>\t\t\t\t\t\r\n\t\t\t\t\t<\/div>\r\n\t\t\t\t\t\r\n\t\t\t\t\t\t\t\t\t<h3 >Air conditioner<\/h3>\r\n\t\t\t\t\t\t\t\t\t\t\t\t\t\r\n\t\t\t<\/div>\t\t\t\r\n\t<\/div>\r\n<\/div>\n<\/div><\/div><\/div><div class=\"wpb_column vc_column_container vc_col-sm-1\/5\"><div class=\"vc_column-inner\"><div class=\"wpb_wrapper\"><div class=\"banner-container\" id=\"arp_banner-2204047167\"> \r\n\t<div class=\"banner-content banner-style-4  \t\ttext-center\" \r\n\t\t data-animation-delay=\"500\" data-animation=\"\" >\r\n\t\t\t\t\t\r\n\t\t\t<div class=\"service-content\" >\t\r\n\t\t\t\t\t\t\t\t\t<div class=\"banner_icon abs_icon\"  style=\"\">\r\n\t\t\t\t\t\t<i class=\"Defaults-phone\"><\/i>\t\t\t\t\t\r\n\t\t\t\t\t<\/div>\r\n\t\t\t\t\t\r\n\t\t\t\t\t\t\t\t\t<h3 >Business center<\/h3>\r\n\t\t\t\t\t\t\t\t\t\t\t\t\t\r\n\t\t\t<\/div>\t\t\t\r\n\t<\/div>\r\n<\/div>\n<\/div><\/div><\/div><div class=\"wpb_column vc_column_container vc_col-sm-1\/5\"><div class=\"vc_column-inner\"><div class=\"wpb_wrapper\"><div class=\"banner-container\" id=\"arp_banner-1254399247\"> \r\n\t<div class=\"banner-content banner-style-4  \t\ttext-center\" \r\n\t\t data-animation-delay=\"500\" data-animation=\"\" >\r\n\t\t\t\t\t\r\n\t\t\t<div class=\"service-content\" >\t\r\n\t\t\t\t\t\t\t\t\t<div class=\"banner_icon abs_icon\"  style=\"\">\r\n\t\t\t\t\t\t<i class=\"Defaults-cutlery\"><\/i>\t\t\t\t\t\r\n\t\t\t\t\t<\/div>\r\n\t\t\t\t\t\r\n\t\t\t\t\t\t\t\t\t<h3 >Desayuno bufet<\/h3>\r\n\t\t\t\t\t\t\t\t\t\t\t\t\t\r\n\t\t\t<\/div>\t\t\t\r\n\t<\/div>\r\n<\/div>\n<\/div><\/div><\/div><div class=\"wpb_column vc_column_container vc_col-sm-1\/5\"><div class=\"vc_column-inner\"><div class=\"wpb_wrapper\"><div class=\"banner-container\" id=\"arp_banner-2780499309\"> \r\n\t<div class=\"banner-content banner-style-4  \t\ttext-center\" \r\n\t\t data-animation-delay=\"500\" data-animation=\"\" >\r\n\t\t\t\t\t\r\n\t\t\t<div class=\"service-content\" >\t\r\n\t\t\t\t\t\t\t\t\t<div class=\"banner_icon abs_icon\"  style=\"\">\r\n\t\t\t\t\t\t<i class=\"Defaults-calendar\"><\/i>\t\t\t\t\t\r\n\t\t\t\t\t<\/div>\r\n\t\t\t\t\t\r\n\t\t\t\t\t\t\t\t\t<h3 >Salones para eventos<\/h3>\r\n\t\t\t\t\t\t\t\t\t\t\t\t\t\r\n\t\t\t<\/div>\t\t\t\r\n\t<\/div>\r\n<\/div>\n<\/div><\/div><\/div><\/div><div class=\"vc_row wpb_row vc_inner vc_row-fluid\"><div class=\"wpb_column vc_column_container vc_col-sm-1\/5\"><div class=\"vc_column-inner\"><div class=\"wpb_wrapper\"><div class=\"banner-container\" id=\"arp_banner-919307123\"> \r\n\t<div class=\"banner-content banner-style-4  \t\ttext-center\" \r\n\t\t data-animation-delay=\"500\" data-animation=\"\" >\r\n\t\t\t\t\t\r\n\t\t\t<div class=\"service-content\" >\t\r\n\t\t\t\t\t\t\t\t\t<div class=\"banner_icon abs_icon\"  style=\"\">\r\n\t\t\t\t\t\t<i class=\"Defaults-automobile car\"><\/i>\t\t\t\t\t\r\n\t\t\t\t\t<\/div>\r\n\t\t\t\t\t\r\n\t\t\t\t\t\t\t\t\t<h3 >Parking<\/h3>\r\n\t\t\t\t\t\t\t\t\t\t\t\t\t\r\n\t\t\t<\/div>\t\t\t\r\n\t<\/div>\r\n<\/div>\n<\/div><\/div><\/div><div class=\"wpb_column vc_column_container vc_col-sm-1\/5\"><div class=\"vc_column-inner\"><div class=\"wpb_wrapper\"><div class=\"banner-container\" id=\"arp_banner-1912504893\"> \r\n\t<div class=\"banner-content banner-style-4  \t\ttext-center\" \r\n\t\t data-animation-delay=\"500\" data-animation=\"\" >\r\n\t\t\t\t\t\r\n\t\t\t<div class=\"service-content\" >\t\r\n\t\t\t\t\t\t\t\t\t<div class=\"banner_icon abs_icon\"  style=\"\">\r\n\t\t\t\t\t\t<i class=\"Defaults-check\"><\/i>\t\t\t\t\t\r\n\t\t\t\t\t<\/div>\r\n\t\t\t\t\t\r\n\t\t\t\t\t\t\t\t\t<h3 >Balc\u00f3n<\/h3>\r\n\t\t\t\t\t\t\t\t\t\t\t\t\t\r\n\t\t\t<\/div>\t\t\t\r\n\t<\/div>\r\n<\/div>\n<\/div><\/div><\/div><div class=\"wpb_column vc_column_container vc_col-sm-1\/5\"><div class=\"vc_column-inner\"><div class=\"wpb_wrapper\"><div class=\"banner-container\" id=\"arp_banner-3701516238\"> \r\n\t<div class=\"banner-content banner-style-4  \t\ttext-center\" \r\n\t\t data-animation-delay=\"500\" data-animation=\"\" >\r\n\t\t\t\t\t\r\n\t\t\t<div class=\"service-content\" >\t\r\n\t\t\t\t\t\t\t\t\t<div class=\"banner_icon abs_icon\"  style=\"\">\r\n\t\t\t\t\t\t<i class=\"Defaults-road\"><\/i>\t\t\t\t\t\r\n\t\t\t\t\t<\/div>\r\n\t\t\t\t\t\r\n\t\t\t\t\t\t\t\t\t<h3 >Alquiler de veh\u00edculos<\/h3>\r\n\t\t\t\t\t\t\t\t\t\t\t\t\t\r\n\t\t\t<\/div>\t\t\t\r\n\t<\/div>\r\n<\/div>\n<\/div><\/div><\/div><div class=\"wpb_column vc_column_container vc_col-sm-1\/5\"><div class=\"vc_column-inner\"><div class=\"wpb_wrapper\"><div class=\"banner-container\" id=\"arp_banner-3841817577\"> \r\n\t<div class=\"banner-content banner-style-4  \t\ttext-center\" \r\n\t\t data-animation-delay=\"500\" data-animation=\"\" >\r\n\t\t\t\t\t\r\n\t\t\t<div class=\"service-content\" >\t\r\n\t\t\t\t\t\t\t\t\t<div class=\"banner_icon abs_icon\"  style=\"\">\r\n\t\t\t\t\t\t<i class=\"Defaults-wifi\"><\/i>\t\t\t\t\t\r\n\t\t\t\t\t<\/div>\r\n\t\t\t\t\t\r\n\t\t\t\t\t\t\t\t\t<h3 >Wi-fi<\/h3>\r\n\t\t\t\t\t\t\t\t\t\t\t\t\t\r\n\t\t\t<\/div>\t\t\t\r\n\t<\/div>\r\n<\/div>\n<\/div><\/div><\/div><div class=\"wpb_column vc_column_container vc_col-sm-1\/5\"><div class=\"vc_column-inner\"><div class=\"wpb_wrapper\"><div class=\"banner-container\" id=\"arp_banner-404037458\"> \r\n\t<div class=\"banner-content banner-style-4  \t\ttext-center\" \r\n\t\t data-animation-delay=\"500\" data-animation=\"\" >\r\n\t\t\t\t\t\r\n\t\t\t<div class=\"service-content\" >\t\r\n\t\t\t\t\t\t\t\t\t<div class=\"banner_icon abs_icon\"  style=\"\">\r\n\t\t\t\t\t\t<i class=\"Defaults-star\"><\/i>\t\t\t\t\t\r\n\t\t\t\t\t<\/div>\r\n\t\t\t\t\t\r\n\t\t\t\t\t\t\t\t\t<h3 >Piscina exterior<\/h3>\r\n\t\t\t\t\t\t\t\t\t\t\t\t\t\r\n\t\t\t<\/div>\t\t\t\r\n\t<\/div>\r\n<\/div>\n<\/div><\/div><\/div><\/div><div class=\"vc_row wpb_row vc_inner vc_row-fluid\"><div class=\"wpb_column vc_column_container vc_col-sm-1\/5\"><div class=\"vc_column-inner\"><div class=\"wpb_wrapper\"><\/div><\/div><\/div><div class=\"wpb_column vc_column_container vc_col-sm-1\/5\"><div class=\"vc_column-inner\"><div class=\"wpb_wrapper\"><div class=\"banner-container\" id=\"arp_banner-577872356\"> \r\n\t<div class=\"banner-content banner-style-4  \t\ttext-center\" \r\n\t\t data-animation-delay=\"500\" data-animation=\"\" >\r\n\t\t\t\t\t\r\n\t\t\t<div class=\"service-content\" >\t\r\n\t\t\t\t\t\t\t\t\t<div class=\"banner_icon abs_icon\"  style=\"\">\r\n\t\t\t\t\t\t<i class=\"Defaults-heartbeat\"><\/i>\t\t\t\t\t\r\n\t\t\t\t\t<\/div>\r\n\t\t\t\t\t\r\n\t\t\t\t\t\t\t\t\t<h3 >Alimentos sin gluten<\/h3>\r\n\t\t\t\t\t\t\t\t\t\t\t\t\t\r\n\t\t\t<\/div>\t\t\t\r\n\t<\/div>\r\n<\/div>\n<\/div><\/div><\/div><div class=\"wpb_column vc_column_container vc_col-sm-1\/5\"><div class=\"vc_column-inner\"><div class=\"wpb_wrapper\"><\/div><\/div><\/div><div class=\"wpb_column vc_column_container vc_col-sm-1\/5\"><div class=\"vc_column-inner\"><div class=\"wpb_wrapper\"><div class=\"banner-container\" id=\"arp_banner-4189224248\"> \r\n\t<div class=\"banner-content banner-style-4  \t\ttext-center\" \r\n\t\t data-animation-delay=\"500\" data-animation=\"\" >\r\n\t\t\t\t\t\r\n\t\t\t<div class=\"service-content\" >\t\r\n\t\t\t\t\t\t\t\t\t<div class=\"banner_icon abs_icon\"  style=\"\">\r\n\t\t\t\t\t\t<i class=\"Defaults-shopping-cart\"><\/i>\t\t\t\t\t\r\n\t\t\t\t\t<\/div>\r\n\t\t\t\t\t\r\n\t\t\t\t\t\t\t\t\t<h3 >Nevera<\/h3>\r\n\t\t\t\t\t\t\t\t\t\t\t\t\t\r\n\t\t\t<\/div>\t\t\t\r\n\t<\/div>\r\n<\/div>\n<\/div><\/div><\/div><div class=\"wpb_column vc_column_container vc_col-sm-1\/5\"><div class=\"vc_column-inner\"><div class=\"wpb_wrapper\"><\/div><\/div><\/div><\/div><\/div><\/div><\/div><\/div><div class=\"vc_row wpb_row vc_row-fluid\"><div class=\"wpb_column vc_column_container vc_col-sm-12\"><div class=\"vc_column-inner\"><div class=\"wpb_wrapper\"><div class=\"vc_separator wpb_content_element vc_separator_align_center vc_sep_width_100 vc_sep_pos_align_center vc_separator_no_text vc_sep_color_grey\" ><span class=\"vc_sep_holder vc_sep_holder_l\"><span  class=\"vc_sep_line\"><\/span><\/span><span class=\"vc_sep_holder vc_sep_holder_r\"><span  class=\"vc_sep_line\"><\/span><\/span>\n<\/div><h2 style=\"text-align: center;font-family:Abril Fatface;font-weight:400;font-style:normal\" class=\"vc_custom_heading\" >Visitar web del Hotel Madrid<\/h2><div class=\"vc_empty_space\"   style=\"height: 25px\"><span class=\"vc_empty_space_inner\"><\/span><\/div><div class=\"vc_btn3-container vc_btn3-center\" id=\"webhotel\" ><a class=\"vc_general vc_btn3 vc_btn3-size-lg vc_btn3-shape-rounded vc_btn3-style-modern vc_btn3-color-grey\" href=\"http:\/\/www.hotelmadridtorrevieja.com\/\" title=\"\" target=\"_blank\">Acceder<\/a><\/div><\/div><\/div><\/div><\/div>","protected":false},"excerpt":{"rendered":"En el Hotel Madrid contar\u00e1s con una calidad superior y con un trato personalizado y amable. Nuestro hotel destaca por su privilegiada ubicaci\u00f3n en el centro de la ciudad de Torrevieja (Alicante). Disfruta de las opciones de negocio, de las de ocio y no te olvides de las playas. La [...]","protected":false},"author":1,"featured_media":0,"parent":0,"menu_order":0,"comment_status":"closed","ping_status":"closed","template":"","meta":{"_themeisle_gutenberg_block_has_review":false,"footnotes":""},"class_list":["post-1254","page","type-page","status-publish","hentry"],"yoast_head":"<!-- This site is optimized with the Yoast SEO plugin v26.2 - https:\/\/yoast.com\/wordpress\/plugins\/seo\/ -->\n<title>Hotel Madrid - Apartamentos Madrid<\/title>\n<meta name=\"description\" content=\"Hotel Madrid - Apartamentos Madrid\" \/>\n<meta name=\"robots\" content=\"index, follow, max-snippet:-1, max-image-preview:large, max-video-preview:-1\" \/>\n<link rel=\"canonical\" href=\"https:\/\/apartamentosentorrevieja.es\/en\/hotel-madrid\/\" \/>\n<meta property=\"og:locale\" content=\"en_GB\" \/>\n<meta property=\"og:type\" content=\"article\" \/>\n<meta property=\"og:title\" content=\"Hotel Madrid - Apartamentos Madrid\" \/>\n<meta property=\"og:description\" content=\"Hotel Madrid - Apartamentos Madrid\" \/>\n<meta property=\"og:url\" content=\"https:\/\/apartamentosentorrevieja.es\/en\/hotel-madrid\/\" \/>\n<meta property=\"og:site_name\" content=\"Apartamentos Madrid\" \/>\n<meta property=\"article:modified_time\" content=\"2022-10-31T11:47:41+00:00\" \/>\n<meta name=\"twitter:card\" content=\"summary_large_image\" \/>\n<meta name=\"twitter:label1\" content=\"Estimated reading time\" \/>\n\t<meta name=\"twitter:data1\" content=\"4 minutes\" \/>\n<script type=\"application\/ld+json\" class=\"yoast-schema-graph\">{\"@context\":\"https:\/\/schema.org\",\"@graph\":[{\"@type\":\"WebPage\",\"@id\":\"https:\/\/apartamentosentorrevieja.es\/hotel-madrid\/\",\"url\":\"https:\/\/apartamentosentorrevieja.es\/hotel-madrid\/\",\"name\":\"Hotel Madrid - Apartamentos Madrid\",\"isPartOf\":{\"@id\":\"https:\/\/apartamentosentorrevieja.es\/#website\"},\"datePublished\":\"2022-10-31T10:54:24+00:00\",\"dateModified\":\"2022-10-31T11:47:41+00:00\",\"description\":\"Hotel Madrid - Apartamentos Madrid\",\"breadcrumb\":{\"@id\":\"https:\/\/apartamentosentorrevieja.es\/hotel-madrid\/#breadcrumb\"},\"inLanguage\":\"en-GB\",\"potentialAction\":[{\"@type\":\"ReadAction\",\"target\":[\"https:\/\/apartamentosentorrevieja.es\/hotel-madrid\/\"]}]},{\"@type\":\"BreadcrumbList\",\"@id\":\"https:\/\/apartamentosentorrevieja.es\/hotel-madrid\/#breadcrumb\",\"itemListElement\":[{\"@type\":\"ListItem\",\"position\":1,\"name\":\"Portada\",\"item\":\"https:\/\/apartamentosentorrevieja.es\/\"},{\"@type\":\"ListItem\",\"position\":2,\"name\":\"Hotel Madrid\"}]},{\"@type\":\"WebSite\",\"@id\":\"https:\/\/apartamentosentorrevieja.es\/#website\",\"url\":\"https:\/\/apartamentosentorrevieja.es\/\",\"name\":\"Apartamentos Madrid\",\"description\":\"\",\"publisher\":{\"@id\":\"https:\/\/apartamentosentorrevieja.es\/#organization\"},\"potentialAction\":[{\"@type\":\"SearchAction\",\"target\":{\"@type\":\"EntryPoint\",\"urlTemplate\":\"https:\/\/apartamentosentorrevieja.es\/?s={search_term_string}\"},\"query-input\":{\"@type\":\"PropertyValueSpecification\",\"valueRequired\":true,\"valueName\":\"search_term_string\"}}],\"inLanguage\":\"en-GB\"},{\"@type\":\"Organization\",\"@id\":\"https:\/\/apartamentosentorrevieja.es\/#organization\",\"name\":\"Apartamentos Madrid\",\"url\":\"https:\/\/apartamentosentorrevieja.es\/\",\"logo\":{\"@type\":\"ImageObject\",\"inLanguage\":\"en-GB\",\"@id\":\"https:\/\/apartamentosentorrevieja.es\/#\/schema\/logo\/image\/\",\"url\":\"https:\/\/apartamentosentorrevieja.es\/wp-content\/uploads\/2022\/10\/logoweb.png\",\"contentUrl\":\"https:\/\/apartamentosentorrevieja.es\/wp-content\/uploads\/2022\/10\/logoweb.png\",\"width\":60,\"height\":87,\"caption\":\"Apartamentos Madrid\"},\"image\":{\"@id\":\"https:\/\/apartamentosentorrevieja.es\/#\/schema\/logo\/image\/\"}}]}<\/script>\n<!-- \/ Yoast SEO plugin. -->","yoast_head_json":{"title":"Hotel Madrid - Apartamentos Madrid","description":"Hotel Madrid - Apartamentos Madrid","robots":{"index":"index","follow":"follow","max-snippet":"max-snippet:-1","max-image-preview":"max-image-preview:large","max-video-preview":"max-video-preview:-1"},"canonical":"https:\/\/apartamentosentorrevieja.es\/en\/hotel-madrid\/","og_locale":"en_GB","og_type":"article","og_title":"Hotel Madrid - Apartamentos Madrid","og_description":"Hotel Madrid - Apartamentos Madrid","og_url":"https:\/\/apartamentosentorrevieja.es\/en\/hotel-madrid\/","og_site_name":"Apartamentos Madrid","article_modified_time":"2022-10-31T11:47:41+00:00","twitter_card":"summary_large_image","twitter_misc":{"Estimated reading time":"4 minutes"},"schema":{"@context":"https:\/\/schema.org","@graph":[{"@type":"WebPage","@id":"https:\/\/apartamentosentorrevieja.es\/hotel-madrid\/","url":"https:\/\/apartamentosentorrevieja.es\/hotel-madrid\/","name":"Hotel Madrid - Apartamentos Madrid","isPartOf":{"@id":"https:\/\/apartamentosentorrevieja.es\/#website"},"datePublished":"2022-10-31T10:54:24+00:00","dateModified":"2022-10-31T11:47:41+00:00","description":"Hotel Madrid - Apartamentos Madrid","breadcrumb":{"@id":"https:\/\/apartamentosentorrevieja.es\/hotel-madrid\/#breadcrumb"},"inLanguage":"en-GB","potentialAction":[{"@type":"ReadAction","target":["https:\/\/apartamentosentorrevieja.es\/hotel-madrid\/"]}]},{"@type":"BreadcrumbList","@id":"https:\/\/apartamentosentorrevieja.es\/hotel-madrid\/#breadcrumb","itemListElement":[{"@type":"ListItem","position":1,"name":"Portada","item":"https:\/\/apartamentosentorrevieja.es\/"},{"@type":"ListItem","position":2,"name":"Hotel Madrid"}]},{"@type":"WebSite","@id":"https:\/\/apartamentosentorrevieja.es\/#website","url":"https:\/\/apartamentosentorrevieja.es\/","name":"Apartamentos Madrid","description":"","publisher":{"@id":"https:\/\/apartamentosentorrevieja.es\/#organization"},"potentialAction":[{"@type":"SearchAction","target":{"@type":"EntryPoint","urlTemplate":"https:\/\/apartamentosentorrevieja.es\/?s={search_term_string}"},"query-input":{"@type":"PropertyValueSpecification","valueRequired":true,"valueName":"search_term_string"}}],"inLanguage":"en-GB"},{"@type":"Organization","@id":"https:\/\/apartamentosentorrevieja.es\/#organization","name":"Apartamentos Madrid","url":"https:\/\/apartamentosentorrevieja.es\/","logo":{"@type":"ImageObject","inLanguage":"en-GB","@id":"https:\/\/apartamentosentorrevieja.es\/#\/schema\/logo\/image\/","url":"https:\/\/apartamentosentorrevieja.es\/wp-content\/uploads\/2022\/10\/logoweb.png","contentUrl":"https:\/\/apartamentosentorrevieja.es\/wp-content\/uploads\/2022\/10\/logoweb.png","width":60,"height":87,"caption":"Apartamentos Madrid"},"image":{"@id":"https:\/\/apartamentosentorrevieja.es\/#\/schema\/logo\/image\/"}}]}},"_links":{"self":[{"href":"https:\/\/apartamentosentorrevieja.es\/en\/wp-json\/wp\/v2\/pages\/1254","targetHints":{"allow":["GET"]}}],"collection":[{"href":"https:\/\/apartamentosentorrevieja.es\/en\/wp-json\/wp\/v2\/pages"}],"about":[{"href":"https:\/\/apartamentosentorrevieja.es\/en\/wp-json\/wp\/v2\/types\/page"}],"author":[{"embeddable":true,"href":"https:\/\/apartamentosentorrevieja.es\/en\/wp-json\/wp\/v2\/users\/1"}],"replies":[{"embeddable":true,"href":"https:\/\/apartamentosentorrevieja.es\/en\/wp-json\/wp\/v2\/comments?post=1254"}],"version-history":[{"count":12,"href":"https:\/\/apartamentosentorrevieja.es\/en\/wp-json\/wp\/v2\/pages\/1254\/revisions"}],"predecessor-version":[{"id":1271,"href":"https:\/\/apartamentosentorrevieja.es\/en\/wp-json\/wp\/v2\/pages\/1254\/revisions\/1271"}],"wp:attachment":[{"href":"https:\/\/apartamentosentorrevieja.es\/en\/wp-json\/wp\/v2\/media?parent=1254"}],"curies":[{"name":"wp","href":"https:\/\/api.w.org\/{rel}","templated":true}]}}